{"id":7161,"date":"2024-12-12T08:50:41","date_gmt":"2024-12-12T14:50:41","guid":{"rendered":"https:\/\/muso.ufm.edu\/en\/?page_id=7161"},"modified":"2025-03-14T15:58:47","modified_gmt":"2025-03-14T21:58:47","slug":"books","status":"publish","type":"page","link":"https:\/\/muso.ufm.edu\/en\/books\/","title":{"rendered":"Books"},"content":{"rendered":"\n\n\t\t\t\t<img loading=\"lazy\" decoding=\"async\" src=\"https:\/\/muso.ufm.edu\/en\/wp-content\/uploads\/2025\/03\/BOOKS_Manuel-Ayau_Muso_UFM.png\" alt=\"BOOKS_Manuel Ayau_Muso_UFM\" itemprop=\"image\" height=\"957\" width=\"4395\" title=\"BOOKS_Manuel Ayau_Muso_UFM\" onerror=\"this.style.display='none'\"  \/>\n\t<meta itemscope itemprop=\"mainEntityOfPage\" itemtype=\"https:\/\/schema.org\/WebPage\" itemid=\"http:\/\/7634\" content=\"Memories and Comments on the Founding of Universidad Francisco Marroqu\u00edn and its Antecedents\" \/><meta itemprop=\"datePublished\" content=\"2025-03-14\" \/><meta itemprop=\"dateModified\" content=\"2025-03-14\" \/><meta itemprop=\"name\" content=\"Honrando el legado de Muso Ayau\"\/><meta itemprop=\"url\" content=\"https:\/\/muso.ufm.edu\/en\/author\/ufmlabs\/\" \/><meta itemprop=\"name\" content=\"ufmlabs\" \/><meta itemprop=\"url\" content=\"https:\/\/muso.ufm.edu\/en\/wp-content\/uploads\/2025\/03\/Muso-Libro.jpg\" \/><meta itemprop=\"width\" content=\"517\" \/><meta itemprop=\"height\" content=\"707\" \/><meta itemprop=\"interactionType\" content=\"https:\/\/schema.org\/CommentAction\" \/><meta itemprop=\"userInteractionCount\" content=\"0\" \/>\n    <!-- Primera columna: Imagen -->\n        <img width=\"517\" height=\"707\" src=\"https:\/\/muso.ufm.edu\/en\/wp-content\/uploads\/2025\/03\/Muso-Libro.jpg\" alt=\"\" itemprop=\"image\" decoding=\"async\" loading=\"lazy\" srcset=\"https:\/\/muso.ufm.edu\/en\/wp-content\/uploads\/2025\/03\/Muso-Libro.jpg 517w, https:\/\/muso.ufm.edu\/en\/wp-content\/uploads\/2025\/03\/Muso-Libro-219x300.jpg 219w\" sizes=\"auto, (max-width: 517px) 100vw, 517px\" \/>\n    <!-- Segunda columna: Contenido -->\n        <h3>Memories and Comments on the Founding of Universidad Francisco Marroqu\u00edn and its Antecedents<\/h3>\n            <strong>Author: Manuel F. Ayau Cord\u00f3n<\/strong>\n            <p>Manuel F. Ayau Cord\u00f3n, founder and first president of Universidad Francisco Marroqu\u00edn, shares with us in this account the vision that inspired the UFM founders to create an institution different from those that already existed. Driven by a desire to understand and eliminate poverty in Guatemala, they embarked on a deep exploration of its causes and sought the path to prosperity. Inspired by the Austrian School of Economics and supported by influential figures and organizations, both national and international, they decided to establish the university. Their mission was to teach and disseminate the ethical, legal, and economic principles of a society of free and responsible persons, with the goal of shaping leaders who would apply these principles to create a more prosperous future. The author recounts the story behind the founding of UFM.<\/p>\n        <!-- Bot\u00f3n de rese\u00f1a que abre el modal -->\n            <a href=\"#modal-resena-7634\">Review by Marialys de Monterroso<\/a>\n        <!-- Modal de la rese\u00f1a (solo si hay autor rese\u00f1a) -->\n                &times;\n                <h3>Rese\u00f1a por Marialys de Monterroso<\/h3>\n                Muso dedicates Memoirs and Comments on the Founding of Universidad Francisco Marroqu\u00edn University to those who believed in him, and to the present and future students of UFM.<br \/>\nI had the privilege of being part of a group of his students. His clarity of mind, conviction in his ideas, courage to face a hostile world, and his leadership continue to inspire us to this day, urging us to keep building his dream of a freer world.<br \/>\nOne of the main causes of poverty in many countries is the limited understanding of how free exchange works. With this in mind, Manuel Ayau dedicated himself to creating this &#039;success story,&#039; as Milton Friedman called it, which changed the way people debated important issues in our country.<br \/>\nWe can never thank him enough. As Fr\u00e9d\u00e9ric Bastiat said, aside from what is immediately visible, there are many unseen things that have happened thanks to the profound influence UFM has had throughout the region.<br \/>\nI invite all lovers of liberty to read the memoirs of this great man and to contribute to his<br \/>\nmagnificent work: Universidad Francisco Marroqu\u00edn, which has changed the lives of so many.<br \/>\nMarialys de Monterroso\n\n        <!-- Informaci\u00f3n adicional: 6 columnas en una fila -->\n                <br \/>\n                <b>Number of pages:<\/b> <br \/>122\n                <br \/>\n                <b>Language:<\/b> <br \/>Spanish\n                <br \/>\n                <b>Edition:<\/b> <br \/>First\n                <br \/>\n                <b>Publication date:<\/b> <br \/>1992\n                <br \/>\n                <b>Publisher:<\/b> <br \/>Universidad Francisco Marroqu\u00edn\n        <!-- Bot\u00f3n Comprar Ahora -->\n            <a href=\"https:\/\/bookstore.ufm.edu\/libros\/memoirs-and-comments-on-the-founding-of-%20universidad-francisco-marroquin-and-its-antecedents\/\" target=\"_blank\">Buy now<\/a>\n\t\t<!-- .pp-content-posts -->\n\n","protected":false},"excerpt":{"rendered":"<p>Memories and Comments on the Founding of Universidad Francisco Marroqu\u00edn and its Antecedents Author: Manuel F. Ayau Cord\u00f3n Manuel F. Ayau Cord\u00f3n, founder and first president of Universidad Francisco Marroqu\u00edn, shares with us in this account the vision that inspired the UFM founders to create an institution different from those that already existed. Driven by&hellip;<\/p>\n","protected":false},"author":1,"featured_media":0,"parent":0,"menu_order":0,"comment_status":"closed","ping_status":"closed","template":"","meta":{"footnotes":""},"class_list":["post-7161","page","type-page","status-publish","hentry"],"yoast_head":"<!-- This site is optimized with the Yoast SEO plugin v24.6 - https:\/\/yoast.com\/wordpress\/plugins\/seo\/ -->\n<title>Books - Honoring the legacy of Muso Ayau<\/title>\n<meta name=\"robots\" content=\"index, follow, max-snippet:-1, max-image-preview:large, max-video-preview:-1\" \/>\n<link rel=\"canonical\" href=\"https:\/\/muso.ufm.edu\/en\/books\/\" \/>\n<meta property=\"og:locale\" content=\"en_US\" \/>\n<meta property=\"og:type\" content=\"article\" \/>\n<meta property=\"og:title\" content=\"Books - Honoring the legacy of Muso Ayau\" \/>\n<meta property=\"og:description\" content=\"Memories and Comments on the Founding of Universidad Francisco Marroqu\u00edn and its Antecedents Author: Manuel F. Ayau Cord\u00f3n Manuel F. Ayau Cord\u00f3n, founder and first president of Universidad Francisco Marroqu\u00edn, shares with us in this account the vision that inspired the UFM founders to create an institution different from those that already existed. Driven by&hellip;\" \/>\n<meta property=\"og:url\" content=\"https:\/\/muso.ufm.edu\/en\/books\/\" \/>\n<meta property=\"og:site_name\" content=\"Honoring the legacy of Muso Ayau\" \/>\n<meta property=\"article:publisher\" content=\"https:\/\/facebook.com\/ufmedu\" \/>\n<meta property=\"article:modified_time\" content=\"2025-03-14T21:58:47+00:00\" \/>\n<meta property=\"og:image\" content=\"https:\/\/muso.ufm.edu\/en\/wp-content\/uploads\/2025\/03\/BOOKS_Manuel-Ayau_Muso_UFM.png\" \/>\n<meta name=\"twitter:card\" content=\"summary_large_image\" \/>\n<meta name=\"twitter:label1\" content=\"Est. reading time\" \/>\n\t<meta name=\"twitter:data1\" content=\"1 minute\" \/>\n<script type=\"application\/ld+json\" class=\"yoast-schema-graph\">{\"@context\":\"https:\/\/schema.org\",\"@graph\":[{\"@type\":\"WebPage\",\"@id\":\"https:\/\/muso.ufm.edu\/en\/books\/\",\"url\":\"https:\/\/muso.ufm.edu\/en\/books\/\",\"name\":\"Books - Honoring the legacy of Muso Ayau\",\"isPartOf\":{\"@id\":\"https:\/\/muso.ufm.edu\/en\/#website\"},\"primaryImageOfPage\":{\"@id\":\"https:\/\/muso.ufm.edu\/en\/books\/#primaryimage\"},\"image\":{\"@id\":\"https:\/\/muso.ufm.edu\/en\/books\/#primaryimage\"},\"thumbnailUrl\":\"https:\/\/muso.ufm.edu\/en\/wp-content\/uploads\/2025\/03\/BOOKS_Manuel-Ayau_Muso_UFM.png\",\"datePublished\":\"2024-12-12T14:50:41+00:00\",\"dateModified\":\"2025-03-14T21:58:47+00:00\",\"breadcrumb\":{\"@id\":\"https:\/\/muso.ufm.edu\/en\/books\/#breadcrumb\"},\"inLanguage\":\"en-US\",\"potentialAction\":[{\"@type\":\"ReadAction\",\"target\":[\"https:\/\/muso.ufm.edu\/en\/books\/\"]}]},{\"@type\":\"ImageObject\",\"inLanguage\":\"en-US\",\"@id\":\"https:\/\/muso.ufm.edu\/en\/books\/#primaryimage\",\"url\":\"https:\/\/muso.ufm.edu\/en\/wp-content\/uploads\/2025\/03\/BOOKS_Manuel-Ayau_Muso_UFM.png\",\"contentUrl\":\"https:\/\/muso.ufm.edu\/en\/wp-content\/uploads\/2025\/03\/BOOKS_Manuel-Ayau_Muso_UFM.png\",\"width\":4395,\"height\":957},{\"@type\":\"BreadcrumbList\",\"@id\":\"https:\/\/muso.ufm.edu\/en\/books\/#breadcrumb\",\"itemListElement\":[{\"@type\":\"ListItem\",\"position\":1,\"name\":\"Home\",\"item\":\"https:\/\/muso.ufm.edu\/en\/\"},{\"@type\":\"ListItem\",\"position\":2,\"name\":\"Books\"}]},{\"@type\":\"WebSite\",\"@id\":\"https:\/\/muso.ufm.edu\/en\/#website\",\"url\":\"https:\/\/muso.ufm.edu\/en\/\",\"name\":\"Honrando el legado de Muso Ayau\",\"description\":\"Universidad Francisco Marroqu\u00edn\",\"publisher\":{\"@id\":\"https:\/\/muso.ufm.edu\/en\/#organization\"},\"alternateName\":\"100 a\u00f1os Muso Ayau, Universidad Francisco Marroqu\u00edn\",\"potentialAction\":[{\"@type\":\"SearchAction\",\"target\":{\"@type\":\"EntryPoint\",\"urlTemplate\":\"https:\/\/muso.ufm.edu\/en\/?s={search_term_string}\"},\"query-input\":{\"@type\":\"PropertyValueSpecification\",\"valueRequired\":true,\"valueName\":\"search_term_string\"}}],\"inLanguage\":\"en-US\"},{\"@type\":\"Organization\",\"@id\":\"https:\/\/muso.ufm.edu\/en\/#organization\",\"name\":\"100 a\u00f1os Muso Ayau\",\"url\":\"https:\/\/muso.ufm.edu\/en\/\",\"logo\":{\"@type\":\"ImageObject\",\"inLanguage\":\"en-US\",\"@id\":\"https:\/\/muso.ufm.edu\/en\/#\/schema\/logo\/image\/\",\"url\":\"https:\/\/muso.ufm.edu\/en\/wp-content\/uploads\/2024\/11\/UFM-muso.png\",\"contentUrl\":\"https:\/\/muso.ufm.edu\/en\/wp-content\/uploads\/2024\/11\/UFM-muso.png\",\"width\":804,\"height\":472,\"caption\":\"100 a\u00f1os Muso Ayau\"},\"image\":{\"@id\":\"https:\/\/muso.ufm.edu\/en\/#\/schema\/logo\/image\/\"},\"sameAs\":[\"https:\/\/facebook.com\/ufmedu\"]}]}<\/script>\n<!-- \/ Yoast SEO plugin. -->","yoast_head_json":{"title":"Books - Honoring the legacy of Muso Ayau","robots":{"index":"index","follow":"follow","max-snippet":"max-snippet:-1","max-image-preview":"max-image-preview:large","max-video-preview":"max-video-preview:-1"},"canonical":"https:\/\/muso.ufm.edu\/en\/books\/","og_locale":"en_US","og_type":"article","og_title":"Books - Honoring the legacy of Muso Ayau","og_description":"Memories and Comments on the Founding of Universidad Francisco Marroqu\u00edn and its Antecedents Author: Manuel F. Ayau Cord\u00f3n Manuel F. Ayau Cord\u00f3n, founder and first president of Universidad Francisco Marroqu\u00edn, shares with us in this account the vision that inspired the UFM founders to create an institution different from those that already existed. Driven by&hellip;","og_url":"https:\/\/muso.ufm.edu\/en\/books\/","og_site_name":"Honoring the legacy of Muso Ayau","article_publisher":"https:\/\/facebook.com\/ufmedu","article_modified_time":"2025-03-14T21:58:47+00:00","og_image":[{"url":"https:\/\/muso.ufm.edu\/en\/wp-content\/uploads\/2025\/03\/BOOKS_Manuel-Ayau_Muso_UFM.png","type":"","width":"","height":""}],"twitter_card":"summary_large_image","twitter_misc":{"Est. reading time":"1 minute"},"schema":{"@context":"https:\/\/schema.org","@graph":[{"@type":"WebPage","@id":"https:\/\/muso.ufm.edu\/en\/books\/","url":"https:\/\/muso.ufm.edu\/en\/books\/","name":"Books - Honoring the legacy of Muso Ayau","isPartOf":{"@id":"https:\/\/muso.ufm.edu\/en\/#website"},"primaryImageOfPage":{"@id":"https:\/\/muso.ufm.edu\/en\/books\/#primaryimage"},"image":{"@id":"https:\/\/muso.ufm.edu\/en\/books\/#primaryimage"},"thumbnailUrl":"https:\/\/muso.ufm.edu\/en\/wp-content\/uploads\/2025\/03\/BOOKS_Manuel-Ayau_Muso_UFM.png","datePublished":"2024-12-12T14:50:41+00:00","dateModified":"2025-03-14T21:58:47+00:00","breadcrumb":{"@id":"https:\/\/muso.ufm.edu\/en\/books\/#breadcrumb"},"inLanguage":"en-US","potentialAction":[{"@type":"ReadAction","target":["https:\/\/muso.ufm.edu\/en\/books\/"]}]},{"@type":"ImageObject","inLanguage":"en-US","@id":"https:\/\/muso.ufm.edu\/en\/books\/#primaryimage","url":"https:\/\/muso.ufm.edu\/en\/wp-content\/uploads\/2025\/03\/BOOKS_Manuel-Ayau_Muso_UFM.png","contentUrl":"https:\/\/muso.ufm.edu\/en\/wp-content\/uploads\/2025\/03\/BOOKS_Manuel-Ayau_Muso_UFM.png","width":4395,"height":957},{"@type":"BreadcrumbList","@id":"https:\/\/muso.ufm.edu\/en\/books\/#breadcrumb","itemListElement":[{"@type":"ListItem","position":1,"name":"Home","item":"https:\/\/muso.ufm.edu\/en\/"},{"@type":"ListItem","position":2,"name":"Books"}]},{"@type":"WebSite","@id":"https:\/\/muso.ufm.edu\/en\/#website","url":"https:\/\/muso.ufm.edu\/en\/","name":"Honrando el legado de Muso Ayau","description":"Universidad Francisco Marroqu\u00edn","publisher":{"@id":"https:\/\/muso.ufm.edu\/en\/#organization"},"alternateName":"100 a\u00f1os Muso Ayau, Universidad Francisco Marroqu\u00edn","potentialAction":[{"@type":"SearchAction","target":{"@type":"EntryPoint","urlTemplate":"https:\/\/muso.ufm.edu\/en\/?s={search_term_string}"},"query-input":{"@type":"PropertyValueSpecification","valueRequired":true,"valueName":"search_term_string"}}],"inLanguage":"en-US"},{"@type":"Organization","@id":"https:\/\/muso.ufm.edu\/en\/#organization","name":"100 a\u00f1os Muso Ayau","url":"https:\/\/muso.ufm.edu\/en\/","logo":{"@type":"ImageObject","inLanguage":"en-US","@id":"https:\/\/muso.ufm.edu\/en\/#\/schema\/logo\/image\/","url":"https:\/\/muso.ufm.edu\/en\/wp-content\/uploads\/2024\/11\/UFM-muso.png","contentUrl":"https:\/\/muso.ufm.edu\/en\/wp-content\/uploads\/2024\/11\/UFM-muso.png","width":804,"height":472,"caption":"100 a\u00f1os Muso Ayau"},"image":{"@id":"https:\/\/muso.ufm.edu\/en\/#\/schema\/logo\/image\/"},"sameAs":["https:\/\/facebook.com\/ufmedu"]}]}},"meta_box":[],"_links":{"self":[{"href":"https:\/\/muso.ufm.edu\/en\/wp-json\/wp\/v2\/pages\/7161","targetHints":{"allow":["GET"]}}],"collection":[{"href":"https:\/\/muso.ufm.edu\/en\/wp-json\/wp\/v2\/pages"}],"about":[{"href":"https:\/\/muso.ufm.edu\/en\/wp-json\/wp\/v2\/types\/page"}],"author":[{"embeddable":true,"href":"https:\/\/muso.ufm.edu\/en\/wp-json\/wp\/v2\/users\/1"}],"replies":[{"embeddable":true,"href":"https:\/\/muso.ufm.edu\/en\/wp-json\/wp\/v2\/comments?post=7161"}],"version-history":[{"count":24,"href":"https:\/\/muso.ufm.edu\/en\/wp-json\/wp\/v2\/pages\/7161\/revisions"}],"predecessor-version":[{"id":7680,"href":"https:\/\/muso.ufm.edu\/en\/wp-json\/wp\/v2\/pages\/7161\/revisions\/7680"}],"wp:attachment":[{"href":"https:\/\/muso.ufm.edu\/en\/wp-json\/wp\/v2\/media?parent=7161"}],"curies":[{"name":"wp","href":"https:\/\/api.w.org\/{rel}","templated":true}]}}